{"id":6105,"date":"2024-04-12T03:03:00","date_gmt":"2024-04-12T01:03:00","guid":{"rendered":"https:\/\/apartamentomerakinerja.es\/?page_id=6105"},"modified":"2024-05-09T18:20:36","modified_gmt":"2024-05-09T16:20:36","slug":"legal-notice","status":"publish","type":"page","link":"https:\/\/apartamentomerakinerja.es\/en\/legal-notice\/","title":{"rendered":"Legal Notice"},"content":{"rendered":"\t\t<div data-elementor-type=\"wp-page\" data-elementor-id=\"6105\" class=\"elementor elementor-6105 elementor-5976\">\n\t\t\t\t<div class=\"elementor-element elementor-element-1372bfee e-flex e-con-boxed e-con e-parent\" data-id=\"1372bfee\" data-element_type=\"container\" data-e-type=\"container\">\n\t\t\t\t\t<div class=\"e-con-inner\">\n\t\t\t\t<div class=\"elementor-element elementor-element-55a93a81 elementor-widget elementor-widget-text-editor\" data-id=\"55a93a81\" data-element_type=\"widget\" data-e-type=\"widget\" data-widget_type=\"text-editor.default\">\n\t\t\t\t<div class=\"elementor-widget-container\">\n\t\t\t\t\t\t\t\t\t<p>El Presente aviso legal (en adelante, el \u00abAviso Legal\u00bb) regula el uso del servicio del portal de Internet <a href=\"https:\/\/apartamentomerakinerja.es\">https:\/\/apartamentomerakinerja.es<\/a> (en adelante, el \u00abWeb\u00bb) de Apartamento Meraki Nerja, (en adelante, Empresa) con licencia tur\u00edstica VFT\/MA\/74297, domicilio en CALLE LA CRUZ 2, 1\u00baA 29780 \u2013 NERJA.<\/p><p>La Empresa pone en su conocimiento los diferentes medios de contacto, a trav\u00e9s de los cuales podr\u00e1 remitirnos cualquier sugerencia, cuesti\u00f3n o cualesquiera otras circunstancias que estime oportunas, en la secci\u00f3n CONTACTO de su Web.<\/p><h2 class=\"wp-block-heading\">Legislaci\u00f3n Aplicable<\/h2><p>Con car\u00e1cter general las relaciones entre APARTAMENTO MERAKI NERJA con los Usuarios de sus servicios telem\u00e1ticos, presentes en la web, se encuentran sometidas a la legislaci\u00f3n y jurisdicci\u00f3n espa\u00f1olas.<\/p><h3 class=\"wp-block-heading\">Contenido y uso<\/h3><p>El Usuario queda informado, y acepta, que el acceso a la presente web no supone, en modo alguno, el inicio de una relaci\u00f3n comercial con la Empresa.<\/p><p>El titular del web no se identifica con las opiniones vertidas en el mismo por sus colaboradores. La Empresa se reserva el derecho de efectuar sin previo aviso las modificaciones que considere oportunas en su Web, pudiendo cambiar, suprimir o a\u00f1adir tanto los contenidos y servicios que se presten a trav\u00e9s de la misma como la forma en la que \u00e9stos aparezcan presentados o localizados en sus servidores.<\/p><h3 class=\"wp-block-heading\">Propiedad intelectual e industrial<\/h3><p>Todos los nombres comerciales, marcas o signos distintos de cualquier clase contenidos en las p\u00e1ginas web de la Empresa son propiedad de sus due\u00f1os y est\u00e1n protegidos por la ley.<\/p><h3 class=\"wp-block-heading\">Enlaces (links)<\/h3><p>La presencia de enlaces (links) en las p\u00e1ginas web de finalidad meramente informativa y en ning\u00fan caso supone sugerencia, invitaci\u00f3n o recomendaci\u00f3n sobre los mismos.<\/p>\t\t\t\t\t\t\t\t<\/div>\n\t\t\t\t<\/div>\n\t\t\t\t\t<\/div>\n\t\t\t\t<\/div>\n\t\t\t\t<\/div>\n\t\t","protected":false},"excerpt":{"rendered":"<p>El Presente aviso legal (en adelante, el \u00abAviso Legal\u00bb) regula el uso del servicio del portal de Internet https:\/\/apartamentomerakinerja.es (en adelante, el \u00abWeb\u00bb) de Apartamento Meraki Nerja, (en adelante, Empresa) con licencia tur\u00edstica VFT\/MA\/74297, domicilio en CALLE LA CRUZ 2, 1\u00baA 29780 \u2013 NERJA. La Empresa pone en su conocimiento los diferentes medios de contacto, [&hellip;]<\/p>\n","protected":false},"author":1,"featured_media":0,"parent":0,"menu_order":0,"comment_status":"closed","ping_status":"closed","template":"","meta":{"_exactmetrics_skip_tracking":false,"_exactmetrics_sitenote_active":false,"_exactmetrics_sitenote_note":"","_exactmetrics_sitenote_category":0,"footnotes":""},"class_list":["post-6105","page","type-page","status-publish","hentry"],"yoast_head":"<!-- This site is optimized with the Yoast SEO plugin v27.4 - https:\/\/yoast.com\/product\/yoast-seo-wordpress\/ -->\n<title>Legal Notice - Apartamento Meraki Nerja<\/title>\n<meta name=\"robots\" content=\"index, follow, max-snippet:-1, max-image-preview:large, max-video-preview:-1\" \/>\n<link rel=\"canonical\" href=\"https:\/\/apartamentomerakinerja.es\/en\/legal-notice\/\" \/>\n<meta property=\"og:locale\" content=\"en_US\" \/>\n<meta property=\"og:type\" content=\"article\" \/>\n<meta property=\"og:title\" content=\"Legal Notice - Apartamento Meraki Nerja\" \/>\n<meta property=\"og:description\" content=\"El Presente aviso legal (en adelante, el \u00abAviso Legal\u00bb) regula el uso del servicio del portal de Internet https:\/\/apartamentomerakinerja.es (en adelante, el \u00abWeb\u00bb) de Apartamento Meraki Nerja, (en adelante, Empresa) con licencia tur\u00edstica VFT\/MA\/74297, domicilio en CALLE LA CRUZ 2, 1\u00baA 29780 \u2013 NERJA. La Empresa pone en su conocimiento los diferentes medios de contacto, [&hellip;]\" \/>\n<meta property=\"og:url\" content=\"https:\/\/apartamentomerakinerja.es\/en\/legal-notice\/\" \/>\n<meta property=\"og:site_name\" content=\"Apartamento Meraki Nerja\" \/>\n<meta property=\"article:modified_time\" content=\"2024-05-09T16:20:36+00:00\" \/>\n<meta name=\"twitter:card\" content=\"summary_large_image\" \/>\n<meta name=\"twitter:label1\" content=\"Est. reading time\" \/>\n\t<meta name=\"twitter:data1\" content=\"2 minutes\" \/>\n<script type=\"application\/ld+json\" class=\"yoast-schema-graph\">{\"@context\":\"https:\\\/\\\/schema.org\",\"@graph\":[{\"@type\":\"WebPage\",\"@id\":\"https:\\\/\\\/apartamentomerakinerja.es\\\/en\\\/legal-notice\\\/\",\"url\":\"https:\\\/\\\/apartamentomerakinerja.es\\\/en\\\/legal-notice\\\/\",\"name\":\"Legal Notice - Apartamento Meraki Nerja\",\"isPartOf\":{\"@id\":\"https:\\\/\\\/apartamentomerakinerja.es\\\/en\\\/#website\"},\"datePublished\":\"2024-04-12T01:03:00+00:00\",\"dateModified\":\"2024-05-09T16:20:36+00:00\",\"breadcrumb\":{\"@id\":\"https:\\\/\\\/apartamentomerakinerja.es\\\/en\\\/legal-notice\\\/#breadcrumb\"},\"inLanguage\":\"en-US\",\"potentialAction\":[{\"@type\":\"ReadAction\",\"target\":[\"https:\\\/\\\/apartamentomerakinerja.es\\\/en\\\/legal-notice\\\/\"]}]},{\"@type\":\"BreadcrumbList\",\"@id\":\"https:\\\/\\\/apartamentomerakinerja.es\\\/en\\\/legal-notice\\\/#breadcrumb\",\"itemListElement\":[{\"@type\":\"ListItem\",\"position\":1,\"name\":\"Portada\",\"item\":\"https:\\\/\\\/apartamentomerakinerja.es\\\/en\\\/\"},{\"@type\":\"ListItem\",\"position\":2,\"name\":\"Legal Notice\"}]},{\"@type\":\"WebSite\",\"@id\":\"https:\\\/\\\/apartamentomerakinerja.es\\\/en\\\/#website\",\"url\":\"https:\\\/\\\/apartamentomerakinerja.es\\\/en\\\/\",\"name\":\"Apartamento Meraki Nerja\",\"description\":\"Tu lugar de vacaciones en el coraz\u00f3n de Nerja\",\"publisher\":{\"@id\":\"https:\\\/\\\/apartamentomerakinerja.es\\\/en\\\/#organization\"},\"potentialAction\":[{\"@type\":\"SearchAction\",\"target\":{\"@type\":\"EntryPoint\",\"urlTemplate\":\"https:\\\/\\\/apartamentomerakinerja.es\\\/en\\\/?s={search_term_string}\"},\"query-input\":{\"@type\":\"PropertyValueSpecification\",\"valueRequired\":true,\"valueName\":\"search_term_string\"}}],\"inLanguage\":\"en-US\"},{\"@type\":\"Organization\",\"@id\":\"https:\\\/\\\/apartamentomerakinerja.es\\\/en\\\/#organization\",\"name\":\"Apartamento Meraki Nerja\",\"url\":\"https:\\\/\\\/apartamentomerakinerja.es\\\/en\\\/\",\"logo\":{\"@type\":\"ImageObject\",\"inLanguage\":\"en-US\",\"@id\":\"https:\\\/\\\/apartamentomerakinerja.es\\\/en\\\/#\\\/schema\\\/logo\\\/image\\\/\",\"url\":\"https:\\\/\\\/apartamentomerakinerja.es\\\/wp-content\\\/uploads\\\/2024\\\/01\\\/logo-meraki-nerja.png\",\"contentUrl\":\"https:\\\/\\\/apartamentomerakinerja.es\\\/wp-content\\\/uploads\\\/2024\\\/01\\\/logo-meraki-nerja.png\",\"width\":410,\"height\":205,\"caption\":\"Apartamento Meraki Nerja\"},\"image\":{\"@id\":\"https:\\\/\\\/apartamentomerakinerja.es\\\/en\\\/#\\\/schema\\\/logo\\\/image\\\/\"}}]}<\/script>\n<!-- \/ Yoast SEO plugin. -->","yoast_head_json":{"title":"Legal Notice - Apartamento Meraki Nerja","robots":{"index":"index","follow":"follow","max-snippet":"max-snippet:-1","max-image-preview":"max-image-preview:large","max-video-preview":"max-video-preview:-1"},"canonical":"https:\/\/apartamentomerakinerja.es\/en\/legal-notice\/","og_locale":"en_US","og_type":"article","og_title":"Legal Notice - Apartamento Meraki Nerja","og_description":"El Presente aviso legal (en adelante, el \u00abAviso Legal\u00bb) regula el uso del servicio del portal de Internet https:\/\/apartamentomerakinerja.es (en adelante, el \u00abWeb\u00bb) de Apartamento Meraki Nerja, (en adelante, Empresa) con licencia tur\u00edstica VFT\/MA\/74297, domicilio en CALLE LA CRUZ 2, 1\u00baA 29780 \u2013 NERJA. La Empresa pone en su conocimiento los diferentes medios de contacto, [&hellip;]","og_url":"https:\/\/apartamentomerakinerja.es\/en\/legal-notice\/","og_site_name":"Apartamento Meraki Nerja","article_modified_time":"2024-05-09T16:20:36+00:00","twitter_card":"summary_large_image","twitter_misc":{"Est. reading time":"2 minutes"},"schema":{"@context":"https:\/\/schema.org","@graph":[{"@type":"WebPage","@id":"https:\/\/apartamentomerakinerja.es\/en\/legal-notice\/","url":"https:\/\/apartamentomerakinerja.es\/en\/legal-notice\/","name":"Legal Notice - Apartamento Meraki Nerja","isPartOf":{"@id":"https:\/\/apartamentomerakinerja.es\/en\/#website"},"datePublished":"2024-04-12T01:03:00+00:00","dateModified":"2024-05-09T16:20:36+00:00","breadcrumb":{"@id":"https:\/\/apartamentomerakinerja.es\/en\/legal-notice\/#breadcrumb"},"inLanguage":"en-US","potentialAction":[{"@type":"ReadAction","target":["https:\/\/apartamentomerakinerja.es\/en\/legal-notice\/"]}]},{"@type":"BreadcrumbList","@id":"https:\/\/apartamentomerakinerja.es\/en\/legal-notice\/#breadcrumb","itemListElement":[{"@type":"ListItem","position":1,"name":"Portada","item":"https:\/\/apartamentomerakinerja.es\/en\/"},{"@type":"ListItem","position":2,"name":"Legal Notice"}]},{"@type":"WebSite","@id":"https:\/\/apartamentomerakinerja.es\/en\/#website","url":"https:\/\/apartamentomerakinerja.es\/en\/","name":"Apartamento Meraki Nerja","description":"Tu lugar de vacaciones en el coraz\u00f3n de Nerja","publisher":{"@id":"https:\/\/apartamentomerakinerja.es\/en\/#organization"},"potentialAction":[{"@type":"SearchAction","target":{"@type":"EntryPoint","urlTemplate":"https:\/\/apartamentomerakinerja.es\/en\/?s={search_term_string}"},"query-input":{"@type":"PropertyValueSpecification","valueRequired":true,"valueName":"search_term_string"}}],"inLanguage":"en-US"},{"@type":"Organization","@id":"https:\/\/apartamentomerakinerja.es\/en\/#organization","name":"Apartamento Meraki Nerja","url":"https:\/\/apartamentomerakinerja.es\/en\/","logo":{"@type":"ImageObject","inLanguage":"en-US","@id":"https:\/\/apartamentomerakinerja.es\/en\/#\/schema\/logo\/image\/","url":"https:\/\/apartamentomerakinerja.es\/wp-content\/uploads\/2024\/01\/logo-meraki-nerja.png","contentUrl":"https:\/\/apartamentomerakinerja.es\/wp-content\/uploads\/2024\/01\/logo-meraki-nerja.png","width":410,"height":205,"caption":"Apartamento Meraki Nerja"},"image":{"@id":"https:\/\/apartamentomerakinerja.es\/en\/#\/schema\/logo\/image\/"}}]}},"_links":{"self":[{"href":"https:\/\/apartamentomerakinerja.es\/en\/wp-json\/wp\/v2\/pages\/6105","targetHints":{"allow":["GET"]}}],"collection":[{"href":"https:\/\/apartamentomerakinerja.es\/en\/wp-json\/wp\/v2\/pages"}],"about":[{"href":"https:\/\/apartamentomerakinerja.es\/en\/wp-json\/wp\/v2\/types\/page"}],"author":[{"embeddable":true,"href":"https:\/\/apartamentomerakinerja.es\/en\/wp-json\/wp\/v2\/users\/1"}],"replies":[{"embeddable":true,"href":"https:\/\/apartamentomerakinerja.es\/en\/wp-json\/wp\/v2\/comments?post=6105"}],"version-history":[{"count":9,"href":"https:\/\/apartamentomerakinerja.es\/en\/wp-json\/wp\/v2\/pages\/6105\/revisions"}],"predecessor-version":[{"id":6160,"href":"https:\/\/apartamentomerakinerja.es\/en\/wp-json\/wp\/v2\/pages\/6105\/revisions\/6160"}],"wp:attachment":[{"href":"https:\/\/apartamentomerakinerja.es\/en\/wp-json\/wp\/v2\/media?parent=6105"}],"curies":[{"name":"wp","href":"https:\/\/api.w.org\/{rel}","templated":true}]}}